{"id":6,"date":"2017-11-08T16:58:12","date_gmt":"2017-11-08T15:58:12","guid":{"rendered":"http:\/\/auditadvisory.at\/?page_id=6"},"modified":"2018-02-13T11:44:53","modified_gmt":"2018-02-13T10:44:53","slug":"one-page-express","status":"publish","type":"page","link":"https:\/\/www.auditadvisory.at\/","title":{"rendered":"Front Page"},"content":{"rendered":"<div class=\"features-coloured-icon-boxes-section\" id=\"overlapable-2\" style=\"background-color: #ffffff;\" data-id=\"stripped-coloured-icon-boxes\" data-overlap=\"true\" data-category=\"overlapable\" data-label=\"Overlapable\" >\n<div class=\"gridContainer\" >\n<div class=\"features-coloured-icon-boxes-innerrow flexbox-list dark-text\" data-type=\"row\" >\n<div class=\"features-coloured-icon-boxes-featurecol cp3cols\" >\n<div class=\"features-coloured-icon-boxes-iconcontainer\" data-content-item-container=\"true\" ><i class=\"features-coloured-icon fa fa-bolt\" data-cp-fa=\"true\" ><\/i><\/div>\n<h4 >Audit Advisory<\/h4>\nUnsere Leistungen f\u00fcr Abschlusspr\u00fcfer \u2013 vom individuellen Coaching bis zur internen Nachschau (Review)\n\n<a class=\"features-coloured-button\" href=\"http:\/\/auditadvisory.at\/?page_id=154&amp;&amp;\" target=\"_self\" >mehr<\/a>\n\n<\/div>\n<div class=\"features-coloured-icon-boxes-featurecol cp3cols\" >\n<div class=\"features-coloured-icon-boxes-iconcontainer\" data-content-item-container=\"true\" ><i class=\"features-coloured-icon fa fa-cloud\" data-cp-fa=\"true\" ><\/i><\/div>\n<h4 >Audit Approach \u2013\nAudit Tools<\/h4>\nRisikoorientierter Pr\u00fcfungsansatz und Software zur Durchf\u00fchrung von Abschlusspr\u00fcfungen\n\n<a class=\"features-coloured-button\" href=\"http:\/\/auditadvisory.at\/?page_id=40&amp;&amp;\" target=\"_self\" >mehr<\/a>\n\n<\/div>\n<div class=\"features-coloured-icon-boxes-featurecol cp3cols\" >\n<div class=\"features-coloured-icon-boxes-iconcontainer\" data-content-item-container=\"true\" ><i class=\"features-coloured-icon fa fa-signal\" data-cp-fa=\"true\" ><\/i><\/div>\n<h4 >Data Analysis<\/h4>\nAnalyse von Daten (Big Data) und automatisierte bzw. IT unterst\u00fctzte Pr\u00fcfungshandlungen\n\n<a class=\"features-coloured-button\" href=\"http:\/\/auditadvisory.at\/?page_id=43&amp;&amp;\" target=\"_self\" >mehr<\/a>\n\n<\/div>\n<div class=\"features-coloured-icon-boxes-featurecol cp3cols\" >\n<div class=\"features-coloured-icon-boxes-iconcontainer\" data-content-item-container=\"true\" ><i class=\"features-coloured-icon fa fa-pie-chart\" data-cp-fa=\"true\" ><\/i><\/div>\n<h4 >Quality<\/h4>\nAnwendung der internationalen Pr\u00fcfungsstandards (International Standards on Auditing)\n\n<a class=\"features-coloured-button\" href=\"http:\/\/auditadvisory.at\/?page_id=38\" target=\"_self\" >mehr<\/a>\n\n<\/div>\n<\/div>\n<\/div>\n<\/div><div class=\"cta-blue-section\" id=\"cta-1\" data-id=\"cta-blue-section\" data-category=\"cta\" data-label=\"Call to action\" >\n<div >\n<div class=\"flexbox-list flexbox-list-align-center row\" >\n<div class=\"cta-blue-textcol dynamic-color\" >\n<h2 class=\"cta-blue-text\" ><b class=\"element2\" >at inn Wirtschaftspr\u00fcfung <\/b>your Business, our Service<\/h2>\n<\/div>\n<div class=\"cta-blue-btncol\" ><a class=\"button big yellow dark-text\" href=\"http:\/\/www.atinn.at\" target=\"_self\" > mehr Informationen <\/a><\/div>\n<\/div>\n<\/div>\n<\/div>","protected":false},"excerpt":{"rendered":"<p>Audit Advisory Unsere Leistungen f\u00fcr Abschlusspr\u00fcfer \u2013 vom individuellen Coaching bis zur internen Nachschau (Review) mehr Audit Approach \u2013 Audit Tools Risikoorientierter Pr\u00fcfungsansatz und Software zur Durchf\u00fchrung von Abschlusspr\u00fcfungen mehr Data Analysis Analyse von Daten (Big Data) und automatisierte bzw. IT unterst\u00fctzte Pr\u00fcfungshandlungen mehr Quality Anwendung der internationalen Pr\u00fcfungsstandards (International Standards on Auditing) mehr at&hellip; <br \/> <a class=\"button small blue\" href=\"https:\/\/www.auditadvisory.at\/\">Weiterlesen<\/a><\/p>\n","protected":false},"author":1,"featured_media":0,"parent":0,"menu_order":0,"comment_status":"closed","ping_status":"closed","template":"","meta":{"footnotes":""},"class_list":["post-6","page","type-page","status-publish","hentry"],"_links":{"self":[{"href":"https:\/\/www.auditadvisory.at\/index.php?rest_route=\/wp\/v2\/pages\/6","targetHints":{"allow":["GET"]}}],"collection":[{"href":"https:\/\/www.auditadvisory.at\/index.php?rest_route=\/wp\/v2\/pages"}],"about":[{"href":"https:\/\/www.auditadvisory.at\/index.php?rest_route=\/wp\/v2\/types\/page"}],"author":[{"embeddable":true,"href":"https:\/\/www.auditadvisory.at\/index.php?rest_route=\/wp\/v2\/users\/1"}],"replies":[{"embeddable":true,"href":"https:\/\/www.auditadvisory.at\/index.php?rest_route=%2Fwp%2Fv2%2Fcomments&post=6"}],"version-history":[{"count":24,"href":"https:\/\/www.auditadvisory.at\/index.php?rest_route=\/wp\/v2\/pages\/6\/revisions"}],"predecessor-version":[{"id":241,"href":"https:\/\/www.auditadvisory.at\/index.php?rest_route=\/wp\/v2\/pages\/6\/revisions\/241"}],"wp:attachment":[{"href":"https:\/\/www.auditadvisory.at\/index.php?rest_route=%2Fwp%2Fv2%2Fmedia&parent=6"}],"curies":[{"name":"wp","href":"https:\/\/api.w.org\/{rel}","templated":true}]}}