{"id":38,"date":"2018-01-02T09:50:36","date_gmt":"2018-01-02T08:50:36","guid":{"rendered":"http:\/\/auditadvisory.at\/?page_id=38"},"modified":"2018-01-02T16:59:23","modified_gmt":"2018-01-02T15:59:23","slug":"quality","status":"publish","type":"page","link":"https:\/\/www.auditadvisory.at\/?page_id=38","title":{"rendered":"Qualit\u00e4t in der Abschlusspr\u00fcfung"},"content":{"rendered":"<p><span style=\"color: #000080;\"><strong>Qualit\u00e4t in der Abschlusspr\u00fcfung<\/strong><\/span><\/p>\n<p>Eine angemessene Qualit\u00e4t in der Abschlusspr\u00fcfung stellt das zentrale Element dar, um die Glaubw\u00fcrdigkeit der offen gelegten Finanzinformationen und den Nutzen und Schutz f\u00fcr Aktion\u00e4re, Investoren, Gl\u00e4ubiger und andere Interessengruppen zu erh\u00f6hen. Die Regelungen zur Sicherung einer angemessenen Qualit\u00e4t von Pr\u00fcfungsbetrieben und Abschlusspr\u00fcfungen baut auf drei S\u00e4ulen auf:<\/p>\n<ol>\n<li><strong>Abschlusspr\u00fcfer-Aufsichtsgesetz (APAG)<\/strong><br \/>\nDas Abschlusspr\u00fcfer-Aufsichtsgesetz umfasst neben gesetzlichen Regelungen, die eine hohe Qualit\u00e4t in der Abschlusspr\u00fcfung sicherstellen sollen, auch Regelungen zur Durchf\u00fchrung von Qualit\u00e4tssicherungspr\u00fcfungen durch die Abschlusspr\u00fcferaufsichtsbeh\u00f6rde (APAB). Die bei einer erfolgreich durchgef\u00fchrten Qualit\u00e4tssicherungspr\u00fcfung ausgestellte Bescheinigung der APAB stellt gem\u00e4\u00df \u00a7 270 Abs 1a UGB auch eine Voraussetzung f\u00fcr die Aufnahme eines Wirtschaftspr\u00fcfers oder einer Wirtschaftspr\u00fcfungsgesellschaft in einen Wahlvorschlag dar. Jene Wirtschaftspr\u00fcfer und Wirtschaftspr\u00fcfungsgesellschaften, welche \u00fcber eine solche aufrechte Bescheinigung gem\u00e4\u00df \u00a7 35 oder \u00a7 36 APAG verf\u00fcgen, werden von der APAB in einem <a href=\"https:\/\/www.apab.gv.at\/register\">\u00f6ffentlichen Register<\/a> eingetragen und ver\u00f6ffentlicht.<\/li>\n<li><strong>Regelungen des Berufsstandes<br \/>\n<\/strong>Neben den allgemeinen Regelungen des <span style=\"display: inline !important; float: none; background-color: transparent; color: #666666; cursor: text; font-family: 'Source Sans Pro',sans-serif; font-size: 18px; font-style: normal; font-variant: normal; font-weight: 300; letter-spacing: normal; orphans: 2; text-align: left; text-decoration: none; text-indent: 0px; text-transform: none; -webkit-text-stroke-width: 0px; white-space: normal; word-spacing: 0px; zoom: 1;\">Wirtschaftstreuhand-Berufsgesetz (WTBG)<\/span> sind <span style=\"display: inline !important; float: none; background-color: transparent; color: #666666; cursor: text; font-family: 'Source Sans Pro',sans-serif; font-size: 18px; font-style: normal; font-variant: normal; font-weight: 300; letter-spacing: normal; orphans: 2; text-align: left; text-decoration: none; text-indent: 0px; text-transform: none; -webkit-text-stroke-width: 0px; white-space: normal; word-spacing: 0px; zoom: 1;\">Berufsberechtigte gem\u00e4\u00df <\/span>\u00a7 71 WTBG verpflichtet, ihren Beruf gewissenhaft, sorgf\u00e4ltig, eigenverantwortlich und unabh\u00e4ngig und unter Beachtung der Bestimmungen in den Richtlinien gem\u00e4\u00df \u00a7 72 WTBG auszu\u00fcben. F\u00fcr alle Wirtschaftspr\u00fcfer und Wirtschaftspr\u00fcfungsgesellschaften, die Abschlusspr\u00fcfungen, pr\u00fcferische Durchsichten und sonstige Pr\u00fcfungen durchf\u00fchren wurde im Speziellen die Verordnung der Kammer der Steuerberater und Wirtschaftspr\u00fcfer zur Durchf\u00fchrung pr\u00fcfender T\u00e4tigkeiten (KSW-PRL 2017) erlassen.<\/li>\n<li><strong>Anwendung der International Standards on Auditing<\/strong><br \/>\nMit Einf\u00fchrung der EU Abschlusspr\u00fcferrichtlinie wurden die Mitgliedsstaaten der Europ\u00e4ischen Union dazu verpflichtet, eine verpflichtende Anwendung jener International Standards on Auditing (im Folgenden kurz ISA) f\u00fcr gesetzliche Abschlusspr\u00fcfungen vorzuschreiben, welche von der Europ\u00e4ischen Kommission \u00fcbernommen wurden. Im nationalen Recht findet sich die Umsetzung dieser Regelung in \u00a7 296a UGB. Mangels einer \u00dcbernahme der ISA durch die Europ\u00e4ische Kommission kommt weiterhin das Fachgutachten des Fachsenats f\u00fcr Unternehmensrecht und Revision der Kammer der Wirtschaftstreuh\u00e4nder zur Durchf\u00fchrung von Abschlusspr\u00fcfungen (<a href=\"http:\/\/www.kwt.or.at\/PortalData\/1\/Resources\/fachgutachten\/KFSPG1_25102017_RF.pdf\">KFS\/PG 1<\/a>) zur Anwendung. Demnach sind die ISA bei der Durchf\u00fchrung von Pr\u00fcfungen, die nach \u00f6sterreichischen Grunds\u00e4tzen zu erfolgen haben, anzuwenden.<\/li>\n<\/ol>\n<p>&nbsp;<\/p>\n<p><span style=\"color: #000080;\"><strong>\u00dcbersicht \u00fcber die International Standards on Auditing<\/strong><\/span><\/p>\n<p><img loading=\"lazy\" decoding=\"async\" class=\"aligncenter size-full wp-image-70\" src=\"http:\/\/auditadvisory.at\/wp-content\/uploads\/2018\/01\/ISA-Grafik.png\" alt=\"\" width=\"1953\" height=\"1024\" srcset=\"https:\/\/www.auditadvisory.at\/wp-content\/uploads\/2018\/01\/ISA-Grafik.png 1953w, https:\/\/www.auditadvisory.at\/wp-content\/uploads\/2018\/01\/ISA-Grafik-300x157.png 300w, https:\/\/www.auditadvisory.at\/wp-content\/uploads\/2018\/01\/ISA-Grafik-768x403.png 768w, https:\/\/www.auditadvisory.at\/wp-content\/uploads\/2018\/01\/ISA-Grafik-1024x537.png 1024w\" sizes=\"auto, (max-width: 1953px) 100vw, 1953px\" \/><\/p>\n<p>&nbsp;<\/p>\n","protected":false},"excerpt":{"rendered":"<p>Qualit\u00e4t in der Abschlusspr\u00fcfung Eine angemessene Qualit\u00e4t in der Abschlusspr\u00fcfung stellt das zentrale Element dar, um die Glaubw\u00fcrdigkeit der offen gelegten Finanzinformationen und den Nutzen und Schutz f\u00fcr Aktion\u00e4re, Investoren, Gl\u00e4ubiger und andere Interessengruppen zu erh\u00f6hen. Die Regelungen zur Sicherung einer angemessenen Qualit\u00e4t von Pr\u00fcfungsbetrieben und Abschlusspr\u00fcfungen baut auf drei S\u00e4ulen auf: Abschlusspr\u00fcfer-Aufsichtsgesetz (APAG) Das&hellip; <br \/> <a class=\"button small blue\" href=\"https:\/\/www.auditadvisory.at\/?page_id=38\">Weiterlesen<\/a><\/p>\n","protected":false},"author":1,"featured_media":0,"parent":0,"menu_order":0,"comment_status":"closed","ping_status":"closed","template":"","meta":{"footnotes":""},"class_list":["post-38","page","type-page","status-publish","hentry"],"_links":{"self":[{"href":"https:\/\/www.auditadvisory.at\/index.php?rest_route=\/wp\/v2\/pages\/38","targetHints":{"allow":["GET"]}}],"collection":[{"href":"https:\/\/www.auditadvisory.at\/index.php?rest_route=\/wp\/v2\/pages"}],"about":[{"href":"https:\/\/www.auditadvisory.at\/index.php?rest_route=\/wp\/v2\/types\/page"}],"author":[{"embeddable":true,"href":"https:\/\/www.auditadvisory.at\/index.php?rest_route=\/wp\/v2\/users\/1"}],"replies":[{"embeddable":true,"href":"https:\/\/www.auditadvisory.at\/index.php?rest_route=%2Fwp%2Fv2%2Fcomments&post=38"}],"version-history":[{"count":14,"href":"https:\/\/www.auditadvisory.at\/index.php?rest_route=\/wp\/v2\/pages\/38\/revisions"}],"predecessor-version":[{"id":239,"href":"https:\/\/www.auditadvisory.at\/index.php?rest_route=\/wp\/v2\/pages\/38\/revisions\/239"}],"wp:attachment":[{"href":"https:\/\/www.auditadvisory.at\/index.php?rest_route=%2Fwp%2Fv2%2Fmedia&parent=38"}],"curies":[{"name":"wp","href":"https:\/\/api.w.org\/{rel}","templated":true}]}}