{"id":154,"date":"2018-01-03T14:21:57","date_gmt":"2018-01-03T13:21:57","guid":{"rendered":"http:\/\/auditadvisory.at\/?page_id=154"},"modified":"2018-02-13T11:29:15","modified_gmt":"2018-02-13T10:29:15","slug":"audit-advisory","status":"publish","type":"page","link":"https:\/\/www.auditadvisory.at\/?page_id=154","title":{"rendered":"Audit Advisory"},"content":{"rendered":"<p><span style=\"color: #000080;\"><strong>Beratung von Abschlusspr\u00fcfern<\/strong><\/span><\/p>\n<p>Als Spezialist f\u00fcr die Implementierung eines mit den International Standards on Auditing (ISA) kompatiblen Pr\u00fcfungsansatzes beratet die at inn Wirtschaftspr\u00fcfungs GmbH andere Abschlusspr\u00fcfer in Bezug auf die Ausgestaltung des eigenen Audit Approach, die passende Audit Software, die Prozesse der Abschlusspr\u00fcfung sowie die ganzheitliche technische Umsetzung.<\/p>\n<p><span style=\"display: inline !important; float: none; background-color: transparent; color: #666666; cursor: text; font-family: 'Source Sans Pro',sans-serif; font-size: 18px; font-style: normal; font-variant: normal; font-weight: 300; letter-spacing: normal; orphans: 2; text-align: left; text-decoration: none; text-indent: 0px; text-transform: none; -webkit-text-stroke-width: 0px; white-space: normal; word-spacing: 0px; zoom: 1;\">Steigenden regulatorische Anforderungen, insbesondere zuletzt die Einf\u00fchrung des Abschlusspr\u00fcfer-Aufsichtsgesetzes (APAG) und die damit einhergehenden Qualit\u00e4tspr\u00fcfungen durch die Abschlusspr\u00fcferaufsichtsbeh\u00f6rde (APAB), stellen Wirtschaftspr\u00fcfer und Wirtschaftspr\u00fcfungsgesellschaften vor neue Herausforderungen.\u00a0<\/span><\/p>\n<p>Unsere Leistungen umfassen dabei:<\/p>\n<p><a href=\"#coaching\"><strong>  &#8211; Individuelle Coachings und Workshops<\/strong><\/a><br \/>\n<a href=\"#qualit\u00e4tssicherung\"><strong>  &#8211; Durchf\u00fchrung der auftragsbegleitenden Qualit\u00e4tssicherung<\/strong><\/a><br \/>\n<a href=\"#interne\"><strong>  &#8211; Durchf\u00fchrung der internen Nachschau<\/strong><\/a><br \/>\n<a href=\"#vortr\u00e4ge\"><strong>  &#8211; Abhaltung und Organisation von Vortr\u00e4gen und Veranstaltungen<\/strong><\/a><\/p>\n<p>Als <strong>Ansprechpartner<\/strong> stehen Ihnen dabei zur Verf\u00fcgung:<\/p>\n<p><img loading=\"lazy\" decoding=\"async\" class=\"alignleft\" src=\"http:\/\/auditadvisory.at\/wp-content\/uploads\/2018\/01\/Sascha.jpg\" alt=\"\" width=\"175\" height=\"263\" align=\"right\" \/><b><a href=\"http:\/\/www.atinn.at\/?page_id=598\">Sascha Wehofer (Mag)<\/a><\/b><br \/>\nSteuerberater und Wirtschaftspr\u00fcfer<\/p>\n<p>Sascha Wehofer ist Gr\u00fcnder und Gesch\u00e4ftsf\u00fchrer der <strong>at inn Wirtschaftspr\u00fcfungs GmbH<\/strong> sowie Gr\u00fcnder vom <strong>at network<\/strong>. Er ist seit \u00fcber 10 Jahren in der Wirtschaftspr\u00fcfung und Steuerberatung t\u00e4tig. Vor der Gr\u00fcndung der at inn Wirtschaftspr\u00fcfungs GmbH war Sascha Wehofer bei einer Big 4 Kanzlei in leitender Funktion f\u00fcr die Bereiche <strong>Abschlusspr\u00fcfung<\/strong> und<strong> Financial Advisory<\/strong>\u00a0sowie \u00f6sterreichweit f\u00fcr die Implementierung eines neues risikoorientierten Pr\u00fcfungsansatzes verantwortlich.<\/p>\n<p>Die <strong>Vortragst\u00e4tigkeit<\/strong> von Sascha Wehofer umfasst nationale und internationale Seminare und Vortragsreihen in den Bereichen der <strong>Pr\u00fcfungstechnik<\/strong> <strong>und<\/strong> der <strong>internationalen Pr\u00fcfungsstandards<\/strong>.<\/p>\n<p>&nbsp;<\/p>\n<p><img loading=\"lazy\" decoding=\"async\" class=\"alignleft\" src=\"http:\/\/auditadvisory.at\/wp-content\/uploads\/2018\/01\/Thomas.jpg\" alt=\"\" width=\"175\" height=\"263\" align=\"right\" \/><b><a href=\"http:\/\/www.atinn.at\/?page_id=607\">Thomas Amadori (MSc)<\/a><\/b><br \/>\nSteuerberater, Manager<\/p>\n<p>Thomas Amadori ist bei der <strong>at inn Wirtschaftspr\u00fcfungs GmbH<\/strong> als <strong>Manager<\/strong> t\u00e4tig.\u00a0In der\u00a0<strong>Abschlusspr\u00fcfung<\/strong>\u00a0ist er als\u00a0<strong>Pr\u00fcfungsleiter<\/strong>\u00a0f\u00fcr die Betreuung unserer Kunden verantwortlich.\u00a0Vor dieser T\u00e4tigkeit war er mehrere Jahre als Pr\u00fcfungsleiter bei einer Big 4 Kanzlei t\u00e4tig.<\/p>\n<p>Die <strong>Vortragst\u00e4tigkeit<\/strong> von Thomas Amadori umfasst schwerpunktm\u00e4\u00dfig die <strong>Datenanalyse<\/strong>\u00a0 <strong>sowie<\/strong> die <strong>technische Umsetzung<\/strong> von Pr\u00fcfungshandlung im Rahmen der Abschlusspr\u00fcfung.<a name=\"coaching\"><\/a><\/p>\n<p>&nbsp;<br \/>\n&nbsp;<br \/>\n&nbsp;<a name=\"qualit\u00e4tssicherung\"><\/a><\/p>\n<p><span style=\"color: #000080;\"><strong>Individuelle Coachings und Workshops<\/strong><\/span><\/p>\n<p>Individuelle Coachings und Workshops werden nach Ihren Bed\u00fcrfnissen vorbereitet und durchgef\u00fchrt.<\/p>\n<p><span style=\"color: #000080;\"><strong>Durchf\u00fchrung der auftragsbegleitenden Qualit\u00e4tssicherung<\/strong><\/span><\/p>\n<p>Pr\u00fcfbetriebe sind angehalten einen Prozess zur auftragsbegleitenden Qualit\u00e4tssicherung zu implementieren. Bei dieser auftragsbegleitenden Qualit\u00e4tssicherung handelt es sich um einen Prozess, der eine objektive Einsch\u00e4tzung durch eine qualifizierte, nicht zum Auftragsteam geh\u00f6rende Person der bedeutsamen Beurteilungen und gezogenen Schlussfolgerungen gew\u00e4hrleisten soll.<\/p>\n<p>Der auftragsbegleitende Qualit\u00e4tssicherer muss die f\u00fcr diese Funktion erforderlichen fachlichen Qualifikationen, einschlie\u00dflich der notwendigen Erfahrung und Befugnis aufweisen. Ist in Pr\u00fcfungsbetrieben, die nicht \u00fcber ausreichende personelle Ressourcen verf\u00fcgen eine auftragsbegleitende Qualit\u00e4tssicherung durchzuf\u00fchren, muss eine fachlich und pers\u00f6nlich geeignete externe Person beauftragt werden. Nach der herrschenden Auffassung ist darunter eine Person mit der Berufsbefugnis eines Wirtschaftspr\u00fcfers sowie der notwendigen praktischen Erfahrung zu verstehen.<a name=\"interne\"><\/a><\/p>\n<p>Die at inn Wirtschaftspr\u00fcfungs GmbH, vertreten durch Mag. Sascha Wehofer (Wirtschaftspr\u00fcfer und Steuerberater), kann bei Bedarf die auftragsbegleitende Qualit\u00e4tssicherung bei ihren Auftr\u00e4gen durchf\u00fchren.<\/p>\n<p><span style=\"color: #000080;\"><strong>Durchf\u00fchrung der internen Nachschau<\/strong><\/span><\/p>\n<p>Pr\u00fcfbetriebe sind angehalten einen Prozess zur internen Nachschau zu implementieren. Die interne Nachschau ist ein Prozess, der darauf ausgerichtet ist, dem Pr\u00fcfungsbetrieb hinreichende Sicherheit dar\u00fcber zu verschaffen, dass die Regelungen und Ma\u00dfnahmen zum Qualit\u00e4tssicherungssystem angemessen sind und wirksam funktionieren.\u00a0Hierzu sind auch bereits abgeschlossene Auftr\u00e4ge in einem angemessenen Umfang in Stichproben nachzupr\u00fcfen.<\/p>\n<p>Jene Person, welche mit der Durchf\u00fchrung der internen Nachschau betraut ist, hat \u00fcber die erforderliche Erfahrung, Kompetenz und Autorit\u00e4t zu Verf\u00fcgen. Nach der herrschenden Auffassung ist darunter eine Person mit der Berufsbefugnis eines Wirtschaftspr\u00fcfers sowie der notwendigen praktischen Erfahrung zu verstehen.<a name=\"vortr\u00e4ge\"><\/a><\/p>\n<p>Die at inn Wirtschaftspr\u00fcfungs GmbH, vertreten durch Mag. Sascha Wehofer (Wirtschaftspr\u00fcfer und Steuerberater), kann bei Bedarf die interne Nachschau bei ihren Auftr\u00e4gen durchf\u00fchren.<\/p>\n<p><span style=\"color: #000080;\"><strong>Abhaltung und Organisation von Vortr\u00e4gen und Veranstaltungen<\/strong><\/span><\/p>\n<p>Die angebotenen Vortr\u00e4ge reichen von aktuellen Entwicklungen in der Abschlusspr\u00fcfung bis hin zu Seminaren in den Bereichen der Pr\u00fcfungstechnik, internationale Pr\u00fcfungsstandards sowie Datenanalysen und der technischen Umsetzungen von Abschlusspr\u00fcfungen.<\/p>\n<p>&nbsp;<\/p>\n","protected":false},"excerpt":{"rendered":"<p>Beratung von Abschlusspr\u00fcfern Als Spezialist f\u00fcr die Implementierung eines mit den International Standards on Auditing (ISA) kompatiblen Pr\u00fcfungsansatzes beratet die at inn Wirtschaftspr\u00fcfungs GmbH andere Abschlusspr\u00fcfer in Bezug auf die Ausgestaltung des eigenen Audit Approach, die passende Audit Software, die Prozesse der Abschlusspr\u00fcfung sowie die ganzheitliche technische Umsetzung. Steigenden regulatorische Anforderungen, insbesondere zuletzt die Einf\u00fchrung&hellip; <br \/> <a class=\"button small blue\" href=\"https:\/\/www.auditadvisory.at\/?page_id=154\">Weiterlesen<\/a><\/p>\n","protected":false},"author":1,"featured_media":0,"parent":0,"menu_order":0,"comment_status":"closed","ping_status":"closed","template":"","meta":{"footnotes":""},"class_list":["post-154","page","type-page","status-publish","hentry"],"_links":{"self":[{"href":"https:\/\/www.auditadvisory.at\/index.php?rest_route=\/wp\/v2\/pages\/154","targetHints":{"allow":["GET"]}}],"collection":[{"href":"https:\/\/www.auditadvisory.at\/index.php?rest_route=\/wp\/v2\/pages"}],"about":[{"href":"https:\/\/www.auditadvisory.at\/index.php?rest_route=\/wp\/v2\/types\/page"}],"author":[{"embeddable":true,"href":"https:\/\/www.auditadvisory.at\/index.php?rest_route=\/wp\/v2\/users\/1"}],"replies":[{"embeddable":true,"href":"https:\/\/www.auditadvisory.at\/index.php?rest_route=%2Fwp%2Fv2%2Fcomments&post=154"}],"version-history":[{"count":18,"href":"https:\/\/www.auditadvisory.at\/index.php?rest_route=\/wp\/v2\/pages\/154\/revisions"}],"predecessor-version":[{"id":229,"href":"https:\/\/www.auditadvisory.at\/index.php?rest_route=\/wp\/v2\/pages\/154\/revisions\/229"}],"wp:attachment":[{"href":"https:\/\/www.auditadvisory.at\/index.php?rest_route=%2Fwp%2Fv2%2Fmedia&parent=154"}],"curies":[{"name":"wp","href":"https:\/\/api.w.org\/{rel}","templated":true}]}}